{"id":925,"date":"2016-03-15T10:43:42","date_gmt":"2016-03-15T10:43:42","guid":{"rendered":"http:\/\/pavilostaport.lv\/?page_id=925"},"modified":"2017-06-27T12:45:12","modified_gmt":"2017-06-27T12:45:12","slug":"projekti","status":"publish","type":"page","link":"http:\/\/pavilostaport.lv\/?page_id=925","title":{"rendered":"SmartPorts"},"content":{"rendered":"<p style=\"text-align: justify;\"><a href=\"http:\/\/pavilostaport.lv\/wp-content\/uploads\/15-marts-13-11-53.jpg\" rel=\"attachment wp-att-937\"><img decoding=\"async\" loading=\"lazy\" class=\"alignleft wp-image-937\" src=\"http:\/\/pavilostaport.lv\/wp-content\/uploads\/15-marts-13-11-53.jpg\" alt=\"15-marts 13-11-53\" width=\"400\" height=\"103\" srcset=\"http:\/\/pavilostaport.lv\/wp-content\/uploads\/15-marts-13-11-53.jpg 647w, http:\/\/pavilostaport.lv\/wp-content\/uploads\/15-marts-13-11-53-300x77.jpg 300w\" sizes=\"(max-width: 400px) 100vw, 400px\" \/><\/a><\/p>\n<p style=\"text-align: justify;\"><b>Projekta nosaukums<\/b><\/p>\n<p style=\"text-align: justify;\"><em>SmartPorts<\/em>: moderns un pievilc\u012bgs mazo ostu t\u012bkls ar interakt\u012bvu p\u0101rrobe\u017eu inform\u0101cijas sist\u0113mu, kop\u0113ju m\u0101rketingu un uzlabotiem ostu pakalpojumiem <em>(Modern and attractive small ports network through cross-border interactive information system, joint marketing and improved port services)<\/em><\/p>\n<p style=\"text-align: justify;\"><b>Programma\/ priorit\u0101te\/ specifiskais m\u0113r\u0137is<\/b><\/p>\n<ul>\n<li style=\"text-align: justify;\"><em>Interreg<\/em> Centr\u0101l\u0101 Baltijas programma 2014.-2020. gadam;<\/li>\n<li style=\"text-align: justify;\">3.priorit\u0101te \u201eLabi savienots Centr\u0101l\u0101s Baltijas re\u0123ions\u201d;<\/li>\n<li style=\"text-align: justify;\">Specifiskais m\u0113r\u0137is 3.2. \u201eUzlaboti pakalpojumi eso\u0161aj\u0101s mazaj\u0101s ost\u0101s, lai uzlabotu viet\u0113jo un re\u0123ion\u0101lo mobilit\u0101ti un sniegtu ieguld\u012bjumu t\u016brisma att\u012bst\u012bb\u0101\u201d<\/li>\n<\/ul>\n<p style=\"text-align: justify;\"><strong>Ievie\u0161anas laiks<\/strong><\/p>\n<p style=\"text-align: justify;\">01.10.2015. \u2013 30.09.2017.<\/p>\n<p style=\"text-align: justify;\"><b>Projekta bud\u017eets<\/b><\/p>\n<p style=\"text-align: justify;\">1 468 657,60 EUR, t.sk. P\u0101vilostas ostas p\u0101rvaldes bud\u017eeta da\u013ca projekt\u0101 149 608,00 EUR (<em>Interreg<\/em> l\u012bdzfinans\u0113jums 85%)<\/p>\n<p style=\"text-align: justify;\"><b>Projekta galvenie m\u0113r\u0137i<\/b><\/p>\n<p style=\"text-align: justify;\">1. Izveidot Centr\u0101laj\u0101 Baltijas re\u0123ion\u0101 (Latvija, Igaunija, Somija un Zviedrija) modernu un pievilc\u012bgu mazo ostu t\u012bklu ar kvalitat\u012bviem pakalpojumiem.<\/p>\n<p style=\"text-align: justify;\">2. Sekm\u0113t R\u012bgas un Kurzemes re\u0123ionu mazo ostu starptautisko atpaz\u012bstam\u012bbu un iek\u013cau\u0161anos Centr\u0101l\u0101 Baltijas re\u0123iona valstu mazo ostu kop\u012bgaj\u0101s inform\u0101cijas sist\u0113m\u0101s un m\u0101rketinga aktivit\u0101t\u0113s, lai sekm\u0113tu jahtu pl\u016bsmu uz Latvijas mazaj\u0101m ost\u0101m.<\/p>\n<p style=\"text-align: justify;\"><b>Projekta aktivit\u0101tes<\/b><\/p>\n<p style=\"text-align: justify;\">1. Pilotinvest\u012bcijas mazo ostu apr\u012bkojum\u0101, lai uzlabotu navig\u0101cijas dro\u0161\u012bbu un vides aizsardz\u012bbas pras\u012bbu izpildi, papla\u0161in\u0101tu un uzlabotu ostu pakalpojumus (\u016bdensapg\u0101des un notek\u016bde\u0146u sav\u0101k\u0161anas sist\u0113mu izveide, b\u012bstamo atkritumu sav\u0101k\u0161anas sist\u0113mu izveide, pies\u0101r\u0146ojuma likvid\u0113\u0161ana, navig\u0101cijas bojas un z\u012bmes, meteorolo\u0123isk\u0101s stacijas, ostas kontroles un nov\u0113ro\u0161anas kameras).<\/p>\n<p style=\"text-align: justify;\">2. Interakt\u012bvu t\u016brisma un ku\u0123o\u0161anas inform\u0101cijas stendu ieg\u0101de un uzst\u0101d\u012b\u0161ana mazaj\u0101s ost\u0101s, izmantojot IKT risin\u0101jumus.<\/p>\n<p style=\"text-align: justify;\">3. Mazo ostu starptautisk\u0101 m\u0101rketinga aktivit\u0101\u0161u \u012bsteno\u0161ana: M\u0101rketinga pl\u0101na izstr\u0101de; Inform\u0101cijas un m\u0101rketinga satura par mazo ostu pakalpojumiem izstr\u0101de un public\u0113\u0161ana interneta vietn\u0113s, soci\u0101lajos t\u012bklos un citur; Mazo ostu interneta viet\u0146u sasaiste ar mazo ostu t\u016brisma inform\u0101cijas interneta vietn\u0113m Centr\u0101l\u0101s Baltijas re\u0123ion\u0101; Navig\u0101cijas materi\u0101lu un citu informat\u012bvu materi\u0101lu izstr\u0101de jahtu ostu apmekl\u0113t\u0101jiem, lai sekm\u0113tu inform\u0101cijas pieejam\u012bbu par mazo ostu t\u012bklu, to atra\u0161an\u0101s vietu un \u0101rvalstu apmekl\u0113t\u0101jiem pieejamajiem pakalpojumiem; Mazo ostu dal\u012bbas nodro\u0161in\u0101\u0161ana vismaz div\u0101s starptautisk\u0101s t\u016brisma izst\u0101d\u0113s.<\/p>\n<p style=\"text-align: justify;\"><b>Vado\u0161ais partneris<\/b><\/p>\n<ul>\n<li style=\"text-align: justify;\">Igaunijas mazo ostu att\u012bst\u012bbas centrs (<em>Eesti V\u00e4ikesadamate Arenduskeskus)<\/em><\/li>\n<\/ul>\n<p><strong>Latvijas partneri<\/strong><\/p>\n<ul>\n<li style=\"text-align: justify;\">R\u012bgas pl\u0101no\u0161anas re\u0123ions<\/li>\n<li style=\"text-align: justify;\">Kurzemes pl\u0101no\u0161anas re\u0123ions<\/li>\n<li style=\"text-align: justify;\">J\u016brmalas ostas p\u0101rvalde<\/li>\n<li style=\"text-align: justify;\">M\u0113rsraga ostas p\u0101rvalde<\/li>\n<li style=\"text-align: justify;\">Skultes ostas p\u0101rvalde<\/li>\n<li style=\"text-align: justify;\">Salacgr\u012bvas ostas p\u0101rvalde<\/li>\n<li style=\"text-align: justify;\">P\u0101vilostas ostas p\u0101rvalde<\/li>\n<\/ul>\n<p style=\"text-align: justify;\"><strong>Igaunijas partneri<\/strong><\/p>\n<ul>\n<li style=\"text-align: justify;\"><em>Purtse<\/em> osta<\/li>\n<li style=\"text-align: justify;\"><em>K\u00e4rdla<\/em> osta<\/li>\n<li style=\"text-align: justify;\"><em>Kalev<\/em> jahtklubs (Tallina)<\/li>\n<li style=\"text-align: justify;\"><em>L\u00f5unaranna<\/em> osta<\/li>\n<li style=\"text-align: justify;\"><em>K\u00f5iguste<\/em> osta<\/li>\n<\/ul>\n<p style=\"text-align: justify;\"><strong>Somijas partneris<\/strong><\/p>\n<ul>\n<li style=\"text-align: justify;\">Sottungas pa\u0161vald\u012bba (\u0100landu salas)<\/li>\n<\/ul>\n<p style=\"text-align: justify;\"><strong>Zviedrijas partneris<\/strong><\/p>\n<ul>\n<li style=\"text-align: justify;\">Arhipel\u0101ga fonds (Stokholmas re\u0123ions)<\/li>\n<\/ul>\n<p><strong>P\u0101vilostas ostas p\u0101rvaldes projekta vad\u012bt\u0101js<\/strong><\/p>\n<p>Ronalds Gri\u0161k\u0113vi\u010ds, <a href=\"mailto:ronalds@pavilostaport.lv\">ronalds@pavilostaport.lv<\/a>, t\u0101lr. +371 29104444<\/p>\n<p><strong>Vair\u0101k inform\u0101cijas<\/strong><\/p>\n<p><a href=\"http:\/\/smartports.net\">smartports.net<\/a>, <a href=\"http:\/\/www.centralbaltic.eu\">www.centralbaltic.eu<\/a><\/p>\n","protected":false},"excerpt":{"rendered":"<p>Projekta nosaukums SmartPorts: moderns un pievilc\u012bgs mazo ostu t\u012bkls ar interakt\u012bvu p\u0101rrobe\u017eu inform\u0101cijas sist\u0113mu, kop\u0113ju m\u0101rketingu un uzlabotiem ostu pakalpojumiem (Modern and attractive small ports network through cross-border interactive information system, joint marketing and improved port services) Programma\/ priorit\u0101te\/ specifiskais m\u0113r\u0137is Interreg Centr\u0101l\u0101 Baltijas programma 2014.-2020. gadam; 3.priorit\u0101te \u201eLabi savienots Centr\u0101l\u0101s Baltijas re\u0123ions\u201d; Specifiskais m\u0113r\u0137is [&hellip;]<\/p>\n","protected":false},"author":1,"featured_media":0,"parent":0,"menu_order":2001,"comment_status":"open","ping_status":"open","template":"","meta":[],"_links":{"self":[{"href":"http:\/\/pavilostaport.lv\/index.php?rest_route=\/wp\/v2\/pages\/925"}],"collection":[{"href":"http:\/\/pavilostaport.lv\/index.php?rest_route=\/wp\/v2\/pages"}],"about":[{"href":"http:\/\/pavilostaport.lv\/index.php?rest_route=\/wp\/v2\/types\/page"}],"author":[{"embeddable":true,"href":"http:\/\/pavilostaport.lv\/index.php?rest_route=\/wp\/v2\/users\/1"}],"replies":[{"embeddable":true,"href":"http:\/\/pavilostaport.lv\/index.php?rest_route=%2Fwp%2Fv2%2Fcomments&post=925"}],"version-history":[{"count":41,"href":"http:\/\/pavilostaport.lv\/index.php?rest_route=\/wp\/v2\/pages\/925\/revisions"}],"predecessor-version":[{"id":1097,"href":"http:\/\/pavilostaport.lv\/index.php?rest_route=\/wp\/v2\/pages\/925\/revisions\/1097"}],"wp:attachment":[{"href":"http:\/\/pavilostaport.lv\/index.php?rest_route=%2Fwp%2Fv2%2Fmedia&parent=925"}],"curies":[{"name":"wp","href":"https:\/\/api.w.org\/{rel}","templated":true}]}}