{"id":88,"date":"2012-03-05T20:13:31","date_gmt":"2012-03-05T20:13:31","guid":{"rendered":"http:\/\/pavilostaport.lv\/wp\/?page_id=88"},"modified":"2017-07-03T07:24:10","modified_gmt":"2017-07-03T07:24:10","slug":"foto","status":"publish","type":"page","link":"http:\/\/pavilostaport.lv\/?page_id=88","title":{"rendered":"Zvejas piest\u0101tnes"},"content":{"rendered":"<p style=\"text-align: justify;\">Zvejas piest\u0101t\u0146u kop\u0113jais garums P\u0101vilostas ost\u0101 ir ap 400 m, dzi\u013cums 2.5\u20133.5 m. Maksim\u0101lais at\u013cautais ku\u0123u garums \u2013 70 metri. Visas piest\u0101tnes ir\u00a0 apg\u0101d\u0101tas ar \u016bdeni un elektroener\u0123iju. Pie kravas piest\u0101tnes ir 1.2 ha laukums kravu uzglab\u0101\u0161anai, ostas teritorij\u0101 ir ar\u012b sl\u0113gt\u0101s noliktavas. Zivju sald\u0113tavas jauda ir 90 t diennakt\u012b.<\/p>\n<p style=\"text-align: justify;\"><img decoding=\"async\" loading=\"lazy\" title=\"img_9848\" src=\"http:\/\/pavilostaport.lv\/wp-content\/uploads\/img_9848-1024x768.jpg\" alt=\"\" width=\"645\" height=\"484\" \/> <img decoding=\"async\" loading=\"lazy\" title=\"Picture 20\" src=\"http:\/\/pavilostaport.lv\/wp-content\/uploads\/Picture-20-1024x679.jpg\" alt=\"\" width=\"645\" height=\"407\" \/><a><img decoding=\"async\" loading=\"lazy\" title=\"jaunaa piestatne\" src=\"http:\/\/pavilostaport.lv\/wp-content\/uploads\/jaunaa-piestatne-1024x681.jpg\" alt=\"\" width=\"645\" height=\"409\" \/><\/a><\/p>\n","protected":false},"excerpt":{"rendered":"<p>Zvejas piest\u0101t\u0146u kop\u0113jais garums P\u0101vilostas ost\u0101 ir ap 400 m, dzi\u013cums 2.5\u20133.5 m. Maksim\u0101lais at\u013cautais ku\u0123u garums \u2013 70 metri. Visas piest\u0101tnes ir\u00a0 apg\u0101d\u0101tas ar \u016bdeni un elektroener\u0123iju. Pie kravas piest\u0101tnes ir 1.2 ha laukums kravu uzglab\u0101\u0161anai, ostas teritorij\u0101 ir ar\u012b sl\u0113gt\u0101s noliktavas. Zivju sald\u0113tavas jauda ir 90 t diennakt\u012b.<\/p>\n","protected":false},"author":1,"featured_media":0,"parent":0,"menu_order":40,"comment_status":"open","ping_status":"open","template":"","meta":[],"_links":{"self":[{"href":"http:\/\/pavilostaport.lv\/index.php?rest_route=\/wp\/v2\/pages\/88"}],"collection":[{"href":"http:\/\/pavilostaport.lv\/index.php?rest_route=\/wp\/v2\/pages"}],"about":[{"href":"http:\/\/pavilostaport.lv\/index.php?rest_route=\/wp\/v2\/types\/page"}],"author":[{"embeddable":true,"href":"http:\/\/pavilostaport.lv\/index.php?rest_route=\/wp\/v2\/users\/1"}],"replies":[{"embeddable":true,"href":"http:\/\/pavilostaport.lv\/index.php?rest_route=%2Fwp%2Fv2%2Fcomments&post=88"}],"version-history":[{"count":38,"href":"http:\/\/pavilostaport.lv\/index.php?rest_route=\/wp\/v2\/pages\/88\/revisions"}],"predecessor-version":[{"id":1112,"href":"http:\/\/pavilostaport.lv\/index.php?rest_route=\/wp\/v2\/pages\/88\/revisions\/1112"}],"wp:attachment":[{"href":"http:\/\/pavilostaport.lv\/index.php?rest_route=%2Fwp%2Fv2%2Fmedia&parent=88"}],"curies":[{"name":"wp","href":"https:\/\/api.w.org\/{rel}","templated":true}]}}