{"id":72,"date":"2012-03-05T19:51:06","date_gmt":"2012-03-05T19:51:06","guid":{"rendered":"http:\/\/pavilostaport.lv\/wp\/?page_id=72"},"modified":"2020-11-24T13:20:00","modified_gmt":"2020-11-24T13:20:00","slug":"pavilostas-osta-2","status":"publish","type":"page","link":"http:\/\/pavilostaport.lv\/","title":{"rendered":"P\u0101vilostas osta"},"content":{"rendered":"<p style=\"text-align: justify;\">P\u0101vilostas osta\u00a0ir vien\u012bg\u0101 maz\u0101 osta Latvijas rietumu piekrast\u0113. Osta galvenok\u0101rt tiek izmantota zvejas ku\u0123u un jahtu apkalpo\u0161anai. Ostas teritorij\u0101 atrodas divas viesjahtu piest\u0101tnes, &#8220;zil\u0101 karoga&#8221; jahtklubs, degvielas uzpildes stacija, zivju apstr\u0101des uz\u0146\u0113mums, vair\u0101kas zvejas un mazo laivu piest\u0101tnes, stacion\u0101rais celtnis, slips un jahtu ziemas glab\u0101\u0161anas un servisa centrs.<\/p>\n<p style=\"text-align: justify;\"><a href=\"http:\/\/pavilostaport.lv\/wp-content\/uploads\/peldmaja.jpg\" rel=\"attachment wp-att-1221\"><img decoding=\"async\" loading=\"lazy\" class=\"alignnone wp-image-1221\" src=\"http:\/\/pavilostaport.lv\/wp-content\/uploads\/peldmaja-1024x746.jpg\" alt=\"!peldmaja\" width=\"645\" height=\"470\" srcset=\"http:\/\/pavilostaport.lv\/wp-content\/uploads\/peldmaja-1024x746.jpg 1024w, http:\/\/pavilostaport.lv\/wp-content\/uploads\/peldmaja-300x218.jpg 300w, http:\/\/pavilostaport.lv\/wp-content\/uploads\/peldmaja-768x559.jpg 768w\" sizes=\"(max-width: 645px) 100vw, 645px\" \/><\/a><a href=\"http:\/\/pavilostaport.lv\/wp-content\/uploads\/EdgarsFoto_1081.jpg\" rel=\"attachment wp-att-1358\"><img decoding=\"async\" loading=\"lazy\" class=\"alignnone  wp-image-1358\" src=\"http:\/\/pavilostaport.lv\/wp-content\/uploads\/EdgarsFoto_1081-1024x682.jpg\" alt=\"EdgarsFoto_1081\" width=\"645\" height=\"430\" srcset=\"http:\/\/pavilostaport.lv\/wp-content\/uploads\/EdgarsFoto_1081-1024x682.jpg 1024w, http:\/\/pavilostaport.lv\/wp-content\/uploads\/EdgarsFoto_1081-300x200.jpg 300w, http:\/\/pavilostaport.lv\/wp-content\/uploads\/EdgarsFoto_1081-768x512.jpg 768w, http:\/\/pavilostaport.lv\/wp-content\/uploads\/EdgarsFoto_1081.jpg 2048w\" sizes=\"(max-width: 645px) 100vw, 645px\" \/><\/a><a href=\"http:\/\/pavilostaport.lv\/wp-content\/uploads\/Picture-11.jpg\"><img decoding=\"async\" loading=\"lazy\" title=\"Picture 1\" src=\"http:\/\/pavilostaport.lv\/wp-content\/uploads\/Picture-11-1024x766.jpg\" alt=\"\" width=\"645\" height=\"460\" \/><\/a><a href=\"http:\/\/pavilostaport.lv\/wp-content\/uploads\/DSC04612.jpg\"><img decoding=\"async\" loading=\"lazy\" class=\"alignnone wp-image-816\" src=\"http:\/\/pavilostaport.lv\/wp-content\/uploads\/DSC04612-1024x768.jpg\" alt=\"DSC04612\" width=\"645\" height=\"461\" \/><\/a><a href=\"http:\/\/pavilostaport.lv\/wp-content\/uploads\/20181107_143047_resized.jpg\" rel=\"attachment wp-att-1285\"><img decoding=\"async\" loading=\"lazy\" class=\"wp-image-1285\" src=\"http:\/\/pavilostaport.lv\/wp-content\/uploads\/20181107_143047_resized-1024x768.jpg\" alt=\"20181107_143047_resized\" width=\"645\" height=\"484\" srcset=\"http:\/\/pavilostaport.lv\/wp-content\/uploads\/20181107_143047_resized-1024x768.jpg 1024w, http:\/\/pavilostaport.lv\/wp-content\/uploads\/20181107_143047_resized-300x225.jpg 300w, http:\/\/pavilostaport.lv\/wp-content\/uploads\/20181107_143047_resized-768x576.jpg 768w, http:\/\/pavilostaport.lv\/wp-content\/uploads\/20181107_143047_resized.jpg 1296w\" sizes=\"(max-width: 645px) 100vw, 645px\" \/><\/a><img decoding=\"async\" loading=\"lazy\" title=\"DSC_0524\" src=\"http:\/\/pavilostaport.lv\/wp-content\/uploads\/DSC_0524-1024x680.jpg\" alt=\"\" width=\"645\" height=\"408\" \/><\/p>\n","protected":false},"excerpt":{"rendered":"<p>P\u0101vilostas osta\u00a0ir vien\u012bg\u0101 maz\u0101 osta Latvijas rietumu piekrast\u0113. Osta galvenok\u0101rt tiek izmantota zvejas ku\u0123u un jahtu apkalpo\u0161anai. Ostas teritorij\u0101 atrodas divas viesjahtu piest\u0101tnes, &#8220;zil\u0101 karoga&#8221; jahtklubs, degvielas uzpildes stacija, zivju apstr\u0101des uz\u0146\u0113mums, vair\u0101kas zvejas un mazo laivu piest\u0101tnes, stacion\u0101rais celtnis, slips un jahtu ziemas glab\u0101\u0161anas un servisa centrs.<\/p>\n","protected":false},"author":1,"featured_media":0,"parent":0,"menu_order":10,"comment_status":"open","ping_status":"closed","template":"","meta":[],"_links":{"self":[{"href":"http:\/\/pavilostaport.lv\/index.php?rest_route=\/wp\/v2\/pages\/72"}],"collection":[{"href":"http:\/\/pavilostaport.lv\/index.php?rest_route=\/wp\/v2\/pages"}],"about":[{"href":"http:\/\/pavilostaport.lv\/index.php?rest_route=\/wp\/v2\/types\/page"}],"author":[{"embeddable":true,"href":"http:\/\/pavilostaport.lv\/index.php?rest_route=\/wp\/v2\/users\/1"}],"replies":[{"embeddable":true,"href":"http:\/\/pavilostaport.lv\/index.php?rest_route=%2Fwp%2Fv2%2Fcomments&post=72"}],"version-history":[{"count":83,"href":"http:\/\/pavilostaport.lv\/index.php?rest_route=\/wp\/v2\/pages\/72\/revisions"}],"predecessor-version":[{"id":1359,"href":"http:\/\/pavilostaport.lv\/index.php?rest_route=\/wp\/v2\/pages\/72\/revisions\/1359"}],"wp:attachment":[{"href":"http:\/\/pavilostaport.lv\/index.php?rest_route=%2Fwp%2Fv2%2Fmedia&parent=72"}],"curies":[{"name":"wp","href":"https:\/\/api.w.org\/{rel}","templated":true}]}}