{"id":1687,"date":"2025-07-23T13:42:46","date_gmt":"2025-07-23T13:42:46","guid":{"rendered":"http:\/\/pavilostaport.lv\/?page_id=1687"},"modified":"2025-12-19T10:26:33","modified_gmt":"2025-12-19T10:26:33","slug":"ejzaf","status":"publish","type":"page","link":"http:\/\/pavilostaport.lv\/?page_id=1687","title":{"rendered":"EJZAF"},"content":{"rendered":"<h3><a href=\"http:\/\/pavilostaport.lv\/wp-content\/uploads\/5.pielikums_Projekta-publicitates-plaksne_fin.pdf\">Zvejnieku piest\u0101tnes p\u0101rb\u016bve P\u0101vilostas ost\u0101<\/a><\/h3>\n<h3><a href=\"http:\/\/pavilostaport.lv\/wp-content\/uploads\/5.pielikums_Publicitates_plaksne-1.pdf\">P\u0101vilostas ostas navig\u0101ciju moderniz\u0113\u0161ana<\/a><\/h3>\n<h3><strong>P\u0101vilostas ost\u0101 moderniz\u0113ta navig\u0101cija<\/strong> u<strong>n uzs\u0101kts darbs pie zvejnieku piest\u0101tnes p\u0101rb\u016bves.<\/strong><\/h3>\n<p>&#8220;Projekts \u012bstenots Biedr\u012bbas \u201cLiep\u0101jas rajona partner\u012bba\u201d virz\u012btaj\u0101 Eiropas J\u016brlietu, zivsaimniec\u012bbas un akvakult\u016bras fonda (EJZAF) (U31421) pas\u0101kum\u0101 \u201cSabiedr\u012bbas virz\u012btas viet\u0113j\u0101s att\u012bst\u012bbas strat\u0113\u0123iju \u012bsteno\u0161ana\u201d, kuras m\u0113r\u0137is ir Moderna osta zvejniec\u012bbas nodro\u0161in\u0101\u0161anai.<\/p>\n<p>Pirm\u0101s k\u0101rtas ietvaros veikta <strong>P\u0101vilostas ostas navig\u0101cijas moderniz\u0113\u0161ana<\/strong>. Ost\u0101 ir uzst\u0101d\u012bta jauna pie\u0146em\u0161anas ass boja \u201cP\u201d, k\u0101 ar\u012b vis\u0101m navig\u0101cijas z\u012bm\u0113m veikta uguns laternu nomai\u0146a. Jaun\u0101s uguns laternas ir ne tikai tehnolo\u0123iski modern\u0101kas, bet ar\u012b iev\u0113rojami energoefekt\u012bv\u0101kas.<\/p>\n<p>\u0160ie uzlabojumi b\u016btiski <strong>uzlabo ku\u0123o\u0161anas dro\u0161\u012bbu<\/strong>, \u012bpa\u0161i diennakts tum\u0161aj\u0101 laik\u0101 un sare\u017e\u0123\u012btos laikapst\u0101k\u013cos, nodro\u0161inot prec\u012bz\u0101ku un redzam\u0101ku navig\u0101ciju ku\u0123iem, kas ien\u0101k vai iziet no ostas.<\/p>\n<p>Projekta otraj\u0101 posm\u0101 paredz\u0113ta <strong>zvejnieku piest\u0101tnes p\u0101rb\u016bve<\/strong> kur tiks atjaunota 128 metrus gar\u0101 zvejnieku piest\u0101tne. Pl\u0101notie darbi ietver koka konstrukciju nomai\u0146u, ar m\u0113r\u0137i uzlabot piest\u0101tnes tehnisko st\u0101vokli un funkcionalit\u0101ti, radot m\u016bsdien\u012bgu, dro\u0161u darba vidi zvejniekiem, uzlabojot ar\u012b ku\u0123u pietauvo\u0161an\u0101s iesp\u0113jas, kravu apstr\u0101di un nodro\u0161inot atbilst\u012bbu vides un dro\u0161\u012bbas pras\u012bb\u0101m.<\/p>\n<p>Atjaunot\u0101 piest\u0101tne b\u016bs b\u016btisks atbalsts piekrastes zvejniekiem \u2013 piek\u013cuve ku\u0123iem k\u013c\u016bs \u0113rt\u0101ka, samazin\u0101sies boj\u0101jumu risks un tiks uzlabota ku\u0123u pietauvo\u0161anas dro\u0161\u012bba, ar\u012b sliktos laikapst\u0101k\u013cos.<\/p>\n<p>\u0160ie ieguld\u012bjumi ir <strong>svar\u012bgs solis P\u0101vilostas ostas att\u012bst\u012bb\u0101<\/strong>, veicinot t\u0101s konkur\u0113tsp\u0113ju k\u0101 m\u016bsdien\u012bgai un dro\u0161ai zvejniec\u012bbas ostai. Projekta rezult\u0101t\u0101 ieguv\u0113ji b\u016bs gan zvejnieki, gan P\u0101vilostas pils\u0113ta.<\/p>\n","protected":false},"excerpt":{"rendered":"<p>Zvejnieku piest\u0101tnes p\u0101rb\u016bve P\u0101vilostas ost\u0101 P\u0101vilostas ostas navig\u0101ciju moderniz\u0113\u0161ana P\u0101vilostas ost\u0101 moderniz\u0113ta navig\u0101cija un uzs\u0101kts darbs pie zvejnieku piest\u0101tnes p\u0101rb\u016bves. &#8220;Projekts \u012bstenots Biedr\u012bbas \u201cLiep\u0101jas rajona partner\u012bba\u201d virz\u012btaj\u0101 Eiropas J\u016brlietu, zivsaimniec\u012bbas un akvakult\u016bras fonda (EJZAF) (U31421) pas\u0101kum\u0101 \u201cSabiedr\u012bbas virz\u012btas viet\u0113j\u0101s att\u012bst\u012bbas strat\u0113\u0123iju \u012bsteno\u0161ana\u201d, kuras m\u0113r\u0137is ir Moderna osta zvejniec\u012bbas nodro\u0161in\u0101\u0161anai. Pirm\u0101s k\u0101rtas ietvaros veikta P\u0101vilostas ostas [&hellip;]<\/p>\n","protected":false},"author":1,"featured_media":0,"parent":0,"menu_order":2010,"comment_status":"closed","ping_status":"closed","template":"","meta":[],"_links":{"self":[{"href":"http:\/\/pavilostaport.lv\/index.php?rest_route=\/wp\/v2\/pages\/1687"}],"collection":[{"href":"http:\/\/pavilostaport.lv\/index.php?rest_route=\/wp\/v2\/pages"}],"about":[{"href":"http:\/\/pavilostaport.lv\/index.php?rest_route=\/wp\/v2\/types\/page"}],"author":[{"embeddable":true,"href":"http:\/\/pavilostaport.lv\/index.php?rest_route=\/wp\/v2\/users\/1"}],"replies":[{"embeddable":true,"href":"http:\/\/pavilostaport.lv\/index.php?rest_route=%2Fwp%2Fv2%2Fcomments&post=1687"}],"version-history":[{"count":17,"href":"http:\/\/pavilostaport.lv\/index.php?rest_route=\/wp\/v2\/pages\/1687\/revisions"}],"predecessor-version":[{"id":1724,"href":"http:\/\/pavilostaport.lv\/index.php?rest_route=\/wp\/v2\/pages\/1687\/revisions\/1724"}],"wp:attachment":[{"href":"http:\/\/pavilostaport.lv\/index.php?rest_route=%2Fwp%2Fv2%2Fmedia&parent=1687"}],"curies":[{"name":"wp","href":"https:\/\/api.w.org\/{rel}","templated":true}]}}