{"id":1361,"date":"2021-01-14T13:07:07","date_gmt":"2021-01-14T13:07:07","guid":{"rendered":"http:\/\/pavilostaport.lv\/?page_id=1361"},"modified":"2022-01-03T10:20:40","modified_gmt":"2022-01-03T10:20:40","slug":"est-lat-177","status":"publish","type":"page","link":"http:\/\/pavilostaport.lv\/?page_id=1361","title":{"rendered":"Est-Lat177"},"content":{"rendered":"<p style=\"text-align: left;\"><a href=\"http:\/\/pavilostaport.lv\/wp-content\/uploads\/logo177.jpg\" rel=\"attachment wp-att-1370\"><img decoding=\"async\" loading=\"lazy\" class=\"alignnone wp-image-1370\" src=\"http:\/\/pavilostaport.lv\/wp-content\/uploads\/logo177.jpg\" alt=\"logo177\" width=\"495\" height=\"90\" srcset=\"http:\/\/pavilostaport.lv\/wp-content\/uploads\/logo177.jpg 742w, http:\/\/pavilostaport.lv\/wp-content\/uploads\/logo177-300x55.jpg 300w\" sizes=\"(max-width: 495px) 100vw, 495px\" \/><\/a><\/p>\n<p style=\"text-align: justify;\"><strong>Projekta nosaukums:<\/strong><br \/>\nAustrumbaltijas jahtu ostu t\u012bkla pilnveido\u0161ana un populariz\u0113\u0161ana, EST-LAT177<\/p>\n<p style=\"text-align: justify;\"><strong>Projekta nosaukums ang\u013cu valod\u0101:<\/strong><br \/>\nImprovement and promotion of the East Baltic Coast harbours network, EST-LAT177<\/p>\n<p style=\"text-align: justify;\"><strong>Projekta akron\u012bms:<\/strong><br \/>\nEASTBALTIC HARBOURS<\/p>\n<p><strong>Projekta t\u012bmek\u013ca vietne:<\/strong><br \/>\n<a href=\"https:\/\/estlat.eu\/en\/estlat-results\/eastbaltic-harbours.html\" target=\"_blank\">https:\/\/estlat.eu\/en\/estlat-results\/eastbaltic-harbours.html<\/a><\/p>\n<p><strong>Inform\u0101cija par vis\u0101m East Baltic Coast jahtu ost\u0101m:<\/strong><br \/>\n<a href=\"https:\/\/www.eastbaltic.eu\/\" target=\"_blank\">https:\/\/www.eastbaltic.eu\/<\/a><\/p>\n<p style=\"text-align: justify;\"><strong>Programma:<\/strong><br \/>\nEiropas Re\u0123ion\u0101l\u0101s att\u012bst\u012bbas fonda (ERAF) INTERREG Igaunijas-Latvijas P\u0101rrobe\u017eu sadarb\u012bbas programma 2014.-2020.gadam 3.priorit\u0101te \u201cUzlabots jahtu ostu t\u012bkls\u201d, 3.1. specifiskais m\u0113r\u0137is: \u201cUzlabots mazo ostu t\u012bkls ar kvalitat\u012bviem ostu pakalpojumiem\u201d<\/p>\n<p style=\"text-align: justify;\"><strong>Projekta m\u0113r\u0137is:<\/strong><br \/>\nStiprin\u0101t Latvijas un Igaunijas jahtu ostu t\u012bklu ar kvalitat\u012bviem pakalpojumiem un populariz\u0113t Austrumbaltijas piekrasti k\u0101 bur\u0101\u0161anas galam\u0113r\u0137i.<\/p>\n<p style=\"text-align: justify;\"><strong>Projekta aktivit\u0101tes:<\/strong><br \/>\nLai sasniegtu projekta m\u0113r\u0137i, projekta aktivit\u0101tes tiks \u012bstenotas divos virzienos \u2013 invest\u012bcijas jahtu ostu infrastrukt\u016br\u0101 un ostu t\u012bkla m\u0101rketings. Jahtu ostu infrastrukt\u016bras un pakalpojumu uzlabo\u0161anas aktivit\u0101tes papildin\u0101s iepriek\u0161\u0113j\u0101 ostu projekt\u0101 (EST-LAT harbours) veikt\u0101s invest\u012bcijas, kas veicin\u0101s ostu t\u012bkla dro\u0161\u012bbas standartu un pakalpojumu kvalit\u0101tes uzlabo\u0161anos.<br \/>\nInvest\u012bcijas ostu infrastrukt\u016br\u0101 tiks v\u0113rstas uz:<br \/>\n\u2022 Navig\u0101cijas dro\u0161\u012bbas uzlabo\u0161ana: ostas ieejas un \u016bdens zonas mar\u0137\u0113\u0161ana ar atbilsto\u0161\u0101m navig\u0101cijas z\u012bm\u0113m (vadl\u012bnijas, bojas, vied\u0101s bojas, navig\u0101cijas z\u012bmes).<br \/>\n\u2022 Jaunu piest\u0101t\u0146u izveide: peldo\u0161as piest\u0101tnes, pietauvo\u0161an\u0101s vietas.<br \/>\n\u2022 Invest\u012bcijas vides aizsardz\u012bbai: atkritumu un notek\u016bde\u0146u sav\u0101k\u0161anas iek\u0101rtas.<br \/>\n\u2022 Lab\u0101ki pakalpojumi bur\u0101t\u0101jiem: elektr\u012bbas un dzeram\u0101 \u016bdens pieejam\u012bba piest\u0101tn\u0113s, servisa \u0113ku celtniec\u012bba vai rekonstrukcija, kur b\u016bs pieejami sanit\u0101rie mezgli, saunas u.c. apgaismojumu izveide ostas teritorij\u0101 un krastmal\u0101.<br \/>\n\u2022 Pakalpojumu kl\u0101sta papla\u0161in\u0101\u0161ana: degvielas uzpildes punkti, jahtu noviet\u0146u vietu izveide (\u0101ra\/iek\u0161telpu), invent\u0101rs un apr\u012bkojums jahtu ziemo\u0161anas pakalpojumu att\u012bst\u012bbai un remontdarbu veik\u0161anai.<br \/>\nOstu t\u012bkla m\u0101rketinga aktivit\u0101tes paredz populariz\u0113t Austrumbaltijas piekrasti (Igaunija un Latvija) k\u0101 pievilc\u012bgu, interesantu un dro\u0161u bur\u0101\u0161anas galam\u0113r\u0137i. M\u0113r\u0137a grupa ir bur\u0101t\u0101ji no V\u0101cijas, Somijas, Zviedrijas, Polijas un ar\u012b viet\u0113jie &#8211; Latvijas un Igaunijas bur\u0101t\u0101ji.<br \/>\nProjekts paredz \u0161\u0101das m\u0101rketinga aktivit\u0101tes:<br \/>\n\u2022 Dal\u012bba t\u016brisma\/jahtu starptautisk\u0101s izst\u0101d\u0113s.<br \/>\n\u2022 Dal\u012bba un projekta rezult\u0101tu prezent\u0113\u0161ana starptautiskos bur\u0101t\u0101ju sadarb\u012bbas t\u012bklos un pas\u0101kumos.<br \/>\n\u2022 Iepaz\u012b\u0161an\u0101s viz\u012b\u0161u organiz\u0113\u0161ana \u017eurn\u0101listiem, blogeriem, m\u0113r\u0137a grup\u0101m.<br \/>\n\u2022 Jahtu ostu kataloga tre\u0161\u0101 izdevuma sagatavo\u0161ana, iek\u013caujot inform\u0101ciju par ost\u0101m Austrumu Baltijas j\u016bras krast\u0101 (no Klaip\u0113das &#8211; l\u012bdz Narvai) un piekrastes ce\u013cve\u017ea izveide.<br \/>\n\u2022 Projekta m\u0101jaslapas pilnveide, digit\u0101lais m\u0101rketings.<br \/>\n\u2022 M\u0101rketinga satura izgatavo\u0161ana un izplat\u012b\u0161ana (soci\u0101lie t\u012bkli, raksti \u017eurn\u0101los u.c.)<\/p>\n<p style=\"text-align: justify;\"><strong>Projekta rezult\u0101ts:<\/strong><br \/>\nProjekta rezult\u0101t\u0101 tiks uzlabota Igaunijas un Latvijas jahtu ostu infrastrukt\u016bra un sniegti kvalitat\u012bv\u0101ki pakalpojumi, k\u0101 ar\u012b sekm\u0113ta mazo ostu starptautisk\u0101 atpaz\u012bstam\u012bba un iek\u013cau\u0161an\u0101s ostu t\u012bkl\u0101.<\/p>\n<p style=\"text-align: justify;\"><strong>Projekta partneri:<\/strong><br \/>\n\u2022 R\u012bgas pl\u0101no\u0161anas re\u0123ions (Latvija) \u2013 vado\u0161ais partneris<br \/>\n\u2022 Kurzemes pl\u0101no\u0161anas re\u0123ions (Latvija)<br \/>\n\u2022 Biedr\u012bba \u201cIgaunijas mazo ostu att\u012bst\u012bbas centrs\u201d (Igaunija)<br \/>\n\u2022 Salacgr\u012bvas ostas p\u0101rvalde\u00a0(Latvija)<br \/>\n\u2022 R\u012bgas Br\u012bvostas p\u0101rvalde (Latvija)<br \/>\n\u2022 J\u016brmalas ostas p\u0101rvalde\u00a0(Latvija)<br \/>\n\u2022 Engures ostas p\u0101rvalde (Latvija)<br \/>\n\u2022 Rojas ostas p\u0101rvalde (Latvija)<br \/>\n\u2022 SIA New Yacht Marina\u00a0(Latvija)<br \/>\n<span style=\"color: #0000ff;\">\u2022 P\u0101vilostas ostas p\u0101rvalde\u00a0(Latvija)<\/span><br \/>\n\u2022 SIA AK P\u0101vilosta Marina\u00a0(Latvija)<br \/>\n\u2022 Fonds \u201cH\u012bjum\u0101 ostas\u201d (Igaunija)<br \/>\n\u2022 AS Saarte Liinid (Igaunija)<\/p>\n<p style=\"text-align: justify;\"><strong>P\u0101vilostas ostas p\u0101rvaldes projekt\u0101 iek\u013caut\u0101s aktivit\u0101tes:<\/strong><br \/>\n\u2022 Izb\u016bv\u0113ts un labiek\u0101rtots jahtu glab\u0101\u0161anas laukums<br \/>\n\u2022 Izb\u016bv\u0113ta\u00a0jauna peldo\u0161\u0101 viesjahtu piest\u0101tne<br \/>\n\u2022 Veicin\u0101ta ostu t\u012bkla popularit\u0101te<\/p>\n<p style=\"text-align: justify;\"><strong>Projekta \u012bsteno\u0161anas laiks:<\/strong> 01.09.2020. &#8211; 31.12.2022<\/p>\n<p style=\"text-align: justify;\"><strong>Projekta kop\u0113jais bud\u017eets:<\/strong><br \/>\n3 304 285.93 EUR, t.sk. ERAF Interreg Igaunijas-Latvijas programmas finans\u0113jums ir 2 808 643.01 EUR. P\u0101vilostas ostas p\u0101rvalde projekt\u0101 piedal\u0101s k\u0101 partneris ar pl\u0101noto projekta bud\u017eetu 168 306 EUR (ERAF atbalsts 143 060 EUR).<\/p>\n<p style=\"text-align: left;\">Projekta kontaktpersona P\u0101vilostas ostas p\u0101rvald\u0113:<br \/>\nRonalds Gri\u0161k\u0113vi\u010ds, e-pasts: ronalds@pavilostaport.lv, t\u0101lr. +371 29104444<\/p>\n<p style=\"text-align: left;\"><em>\u0160\u012b inform\u0101cija atspogu\u013co autora viedokli. Programmas vado\u0161\u0101 iest\u0101de neatbild par taj\u0101 ietvert\u0101s inform\u0101cijas iesp\u0113jamo izmanto\u0161anu.<\/em><\/p>\n","protected":false},"excerpt":{"rendered":"<p>Projekta nosaukums: Austrumbaltijas jahtu ostu t\u012bkla pilnveido\u0161ana un populariz\u0113\u0161ana, EST-LAT177 Projekta nosaukums ang\u013cu valod\u0101: Improvement and promotion of the East Baltic Coast harbours network, EST-LAT177 Projekta akron\u012bms: EASTBALTIC HARBOURS Projekta t\u012bmek\u013ca vietne: https:\/\/estlat.eu\/en\/estlat-results\/eastbaltic-harbours.html Inform\u0101cija par vis\u0101m East Baltic Coast jahtu ost\u0101m: https:\/\/www.eastbaltic.eu\/ Programma: Eiropas Re\u0123ion\u0101l\u0101s att\u012bst\u012bbas fonda (ERAF) INTERREG Igaunijas-Latvijas P\u0101rrobe\u017eu sadarb\u012bbas programma 2014.-2020.gadam 3.priorit\u0101te [&hellip;]<\/p>\n","protected":false},"author":1,"featured_media":0,"parent":0,"menu_order":2003,"comment_status":"closed","ping_status":"closed","template":"","meta":[],"_links":{"self":[{"href":"http:\/\/pavilostaport.lv\/index.php?rest_route=\/wp\/v2\/pages\/1361"}],"collection":[{"href":"http:\/\/pavilostaport.lv\/index.php?rest_route=\/wp\/v2\/pages"}],"about":[{"href":"http:\/\/pavilostaport.lv\/index.php?rest_route=\/wp\/v2\/types\/page"}],"author":[{"embeddable":true,"href":"http:\/\/pavilostaport.lv\/index.php?rest_route=\/wp\/v2\/users\/1"}],"replies":[{"embeddable":true,"href":"http:\/\/pavilostaport.lv\/index.php?rest_route=%2Fwp%2Fv2%2Fcomments&post=1361"}],"version-history":[{"count":26,"href":"http:\/\/pavilostaport.lv\/index.php?rest_route=\/wp\/v2\/pages\/1361\/revisions"}],"predecessor-version":[{"id":1553,"href":"http:\/\/pavilostaport.lv\/index.php?rest_route=\/wp\/v2\/pages\/1361\/revisions\/1553"}],"wp:attachment":[{"href":"http:\/\/pavilostaport.lv\/index.php?rest_route=%2Fwp%2Fv2%2Fmedia&parent=1361"}],"curies":[{"name":"wp","href":"https:\/\/api.w.org\/{rel}","templated":true}]}}