{"id":130,"date":"2012-03-06T10:40:06","date_gmt":"2012-03-06T10:40:06","guid":{"rendered":"http:\/\/pavilostaport.lv\/wp\/?page_id=130"},"modified":"2025-09-16T21:27:14","modified_gmt":"2025-09-16T21:27:14","slug":"ostas-parvalde","status":"publish","type":"page","link":"http:\/\/pavilostaport.lv\/?page_id=130","title":{"rendered":"Ostas p\u0101rvalde"},"content":{"rendered":"<ul>\n<li>Adrese: Dzintaru iela 2A, P\u0101vilosta, LV-3466<\/li>\n<li>Re\u0123. Nr. 90000392079<\/li>\n<li>Banka: Swedbank, konta Nr. LV80HABA0551030163055<\/li>\n<li>T\u0101lrunis: +371 26313938<\/li>\n<li>Ostas p\u0101rvaldnieka <span data-olk-copy-source=\"MessageBody\">pien\u0101kumu izpild\u012bt\u0101js: Ilm\u0101rs \u0160nore<\/span><\/li>\n<li>E-pasts: info@pavilostaport.lv<\/li>\n<\/ul>\n<p>Gad\u012bjumos, kad nepiecie\u0161ams nodot fizisk\u0101s personas datus, komercinform\u0101ciju un citu aizsarg\u0101jamu inform\u0101ciju aicin\u0101m izmantot e-adresi:<\/p>\n<p><a href=\"https:\/\/latvija.lv\/lv\/Eaddress\/write?address=_default@90000392079\" target=\"_blank\" rel=\"attachment noopener wp-att-1548\"><img decoding=\"async\" loading=\"lazy\" class=\"alignleft wp-image-1548 size-full\" src=\"http:\/\/pavilostaport.lv\/wp-content\/uploads\/VARAMeParrakstiuzeadrese-small-1.jpg\" alt=\"VARAMeParrakstiuzeadrese small 1\" width=\"136\" height=\"55\" \/><\/a><\/p>\n<p>P\u0101vilostas ostas valdes sast\u0101vs:<\/p>\n<ul>\n<li>Aivars Priedols<em>, Dienvidkurzemes novada dome, deput\u0101ts<\/em><\/li>\n<li>Inese B\u0101rtule, <em>Zemkop\u012bbas ministrija, Zivsaimniec\u012bbas departamenta\u00a0direktora vietniece<\/em><em><br \/>\n<\/em><\/li>\n<li>\u0122irts M\u0101lnieks, <em><em>Ekonomikas ministrija,\u00a0Juridisk\u0101 departamenta\u00a0Valsts akt\u012bvu p\u0101rvaldes un atsavin\u0101\u0161anas noda\u013cas eksperts<\/em><\/em><\/li>\n<li>Edv\u012bns Bal\u0161evics,\u00a0<em>Vides aizsardz\u012bbas un re\u0123ion\u0101l\u0101s att\u012bst\u012bbas ministrijas valsts sekret\u0101rs, Vides aizsardz\u012bbas fonda padomes priek\u0161s\u0113d\u0113t\u0101ja vietnieks<\/em><\/li>\n<li>Gatis Kalni\u0146\u0161, <em>Dienvidkurzemes\u00a0novada dome<\/em><em>, deput\u0101ts<\/em><\/li>\n<li>Da\u0146iils\u00a0Cep\u013cajevs, <em>SIA \u201cNord Star Fisher,\u201d\u00a0 j\u016bras zvejniec\u012bbas un zivju p\u0101rstr\u0101des p\u0101rst\u0101vis<\/em><\/li>\n<li>Normunds Bu\u0161mans, <em>SIA &#8220;AK P\u0101vilosta Marina,&#8221; t\u016brisma un jahtu apkalpo\u0161anas p\u0101rst\u0101vis<\/em><\/li>\n<\/ul>\n<p><a href=\"http:\/\/pavilostaport.lv\/wp-content\/uploads\/Pavilostas-ostas-parvaldes-nolikums2014.pdf\" rel=\"\">P\u0101vilostas ostas p\u0101rvaldes nolikums 2014<\/a><\/p>\n<p><a href=\"http:\/\/pavilostaport.lv\/wp-content\/uploads\/osta.jpg\"><img decoding=\"async\" loading=\"lazy\" class=\"alignnone wp-image-864\" src=\"http:\/\/pavilostaport.lv\/wp-content\/uploads\/osta-1024x768.jpg\" alt=\"osta\" width=\"622\" height=\"471\" \/><\/a><\/p>\n","protected":false},"excerpt":{"rendered":"<p>Adrese: Dzintaru iela 2A, P\u0101vilosta, LV-3466 Re\u0123. Nr. 90000392079 Banka: Swedbank, konta Nr. LV80HABA0551030163055 T\u0101lrunis: +371 26313938 Ostas p\u0101rvaldnieka pien\u0101kumu izpild\u012bt\u0101js: Ilm\u0101rs \u0160nore E-pasts: info@pavilostaport.lv Gad\u012bjumos, kad nepiecie\u0161ams nodot fizisk\u0101s personas datus, komercinform\u0101ciju un citu aizsarg\u0101jamu inform\u0101ciju aicin\u0101m izmantot e-adresi: P\u0101vilostas ostas valdes sast\u0101vs: Aivars Priedols, Dienvidkurzemes novada dome, deput\u0101ts Inese B\u0101rtule, Zemkop\u012bbas ministrija, Zivsaimniec\u012bbas [&hellip;]<\/p>\n","protected":false},"author":1,"featured_media":0,"parent":0,"menu_order":110,"comment_status":"open","ping_status":"closed","template":"","meta":[],"_links":{"self":[{"href":"http:\/\/pavilostaport.lv\/index.php?rest_route=\/wp\/v2\/pages\/130"}],"collection":[{"href":"http:\/\/pavilostaport.lv\/index.php?rest_route=\/wp\/v2\/pages"}],"about":[{"href":"http:\/\/pavilostaport.lv\/index.php?rest_route=\/wp\/v2\/types\/page"}],"author":[{"embeddable":true,"href":"http:\/\/pavilostaport.lv\/index.php?rest_route=\/wp\/v2\/users\/1"}],"replies":[{"embeddable":true,"href":"http:\/\/pavilostaport.lv\/index.php?rest_route=%2Fwp%2Fv2%2Fcomments&post=130"}],"version-history":[{"count":108,"href":"http:\/\/pavilostaport.lv\/index.php?rest_route=\/wp\/v2\/pages\/130\/revisions"}],"predecessor-version":[{"id":1710,"href":"http:\/\/pavilostaport.lv\/index.php?rest_route=\/wp\/v2\/pages\/130\/revisions\/1710"}],"wp:attachment":[{"href":"http:\/\/pavilostaport.lv\/index.php?rest_route=%2Fwp%2Fv2%2Fmedia&parent=130"}],"curies":[{"name":"wp","href":"https:\/\/api.w.org\/{rel}","templated":true}]}}