{"id":104,"date":"2012-03-05T20:30:33","date_gmt":"2012-03-05T20:30:33","guid":{"rendered":"http:\/\/pavilostaport.lv\/wp\/?page_id=104"},"modified":"2017-07-03T07:19:51","modified_gmt":"2017-07-03T07:19:51","slug":"kartes","status":"publish","type":"page","link":"http:\/\/pavilostaport.lv\/?page_id=104","title":{"rendered":"Navig\u0101cija"},"content":{"rendered":"<ul>\n<li>VHF radio: 12. kan\u0101ls<\/li>\n<li>Ostas koordin\u0101tes: 56\u00b053.5\u2019N, 21\u00b010\u2019E<\/li>\n<li>Ostas vadl\u012bnija: virziens 144.2\u00b0, vadugunis Fl.W.3s<\/li>\n<li>Pie\u0146em\u0161anas boja: uz vadl\u012bnijas, 1 nm no ostas v\u0101rtiem, 56\u00b054.34\u2032N, 21\u00b008.94\u2032E, Mo(A).W.10s<\/li>\n<li>Molu ugunsz\u012bmes: Fl.G.3s un Fl.R.3s<\/li>\n<li>Ostas akvatorija dzi\u013cums: 3.5 m, dzi\u013cums pie piest\u0101tn\u0113m 2.0-3.5 m.<\/li>\n<\/ul>\n<p style=\"text-align: left;\">Akvatorija dzi\u013cumi pie ieejas ost\u0101 ir pak\u013cauti\u00a0 izmai\u0146\u0101m, jo v\u0113tru laik\u0101 gultn\u0113 veidojas smil\u0161u sanesumi.<\/p>\n<p><a href=\"http:\/\/pavilostaport.lv\/wp-content\/uploads\/Picture-411.jpg\"><img decoding=\"async\" loading=\"lazy\" class=\"alignleft  wp-image-499\" style=\"border: 1px solid gray;\" title=\"Picture 41\" alt=\"\" src=\"http:\/\/pavilostaport.lv\/wp-content\/uploads\/Picture-411.jpg\" width=\"622\" height=\"438\" srcset=\"http:\/\/pavilostaport.lv\/wp-content\/uploads\/Picture-411.jpg 954w, http:\/\/pavilostaport.lv\/wp-content\/uploads\/Picture-411-300x210.jpg 300w\" sizes=\"(max-width: 622px) 100vw, 622px\" \/><\/a><a href=\"http:\/\/pavilostaport.lv\/wp-content\/uploads\/ostas-karte31.jpg\"><img decoding=\"async\" loading=\"lazy\" class=\"alignnone size-full wp-image-754\" style=\"border: 1px solid gray;\" alt=\"ostas karte31\" src=\"http:\/\/pavilostaport.lv\/wp-content\/uploads\/ostas-karte31.jpg\" width=\"622\" height=\"500\" \/><\/a><a href=\"http:\/\/pavilostaport.lv\/wp-content\/uploads\/pavilostas-osta-satelite.jpg\"><img decoding=\"async\" loading=\"lazy\" class=\"alignnone  wp-image-784\" style=\"border: 1px solid gray;\" alt=\"pavilostas osta satelite\" src=\"http:\/\/pavilostaport.lv\/wp-content\/uploads\/pavilostas-osta-satelite-1024x747.jpg\" width=\"622\" height=\"453\" srcset=\"http:\/\/pavilostaport.lv\/wp-content\/uploads\/pavilostas-osta-satelite-1024x747.jpg 1024w, http:\/\/pavilostaport.lv\/wp-content\/uploads\/pavilostas-osta-satelite-300x218.jpg 300w, http:\/\/pavilostaport.lv\/wp-content\/uploads\/pavilostas-osta-satelite.jpg 1199w\" sizes=\"(max-width: 622px) 100vw, 622px\" \/><\/a><\/p>\n","protected":false},"excerpt":{"rendered":"<p>VHF radio: 12. kan\u0101ls Ostas koordin\u0101tes: 56\u00b053.5\u2019N, 21\u00b010\u2019E Ostas vadl\u012bnija: virziens 144.2\u00b0, vadugunis Fl.W.3s Pie\u0146em\u0161anas boja: uz vadl\u012bnijas, 1 nm no ostas v\u0101rtiem, 56\u00b054.34\u2032N, 21\u00b008.94\u2032E, Mo(A).W.10s Molu ugunsz\u012bmes: Fl.G.3s un Fl.R.3s Ostas akvatorija dzi\u013cums: 3.5 m, dzi\u013cums pie piest\u0101tn\u0113m 2.0-3.5 m. Akvatorija dzi\u013cumi pie ieejas ost\u0101 ir pak\u013cauti\u00a0 izmai\u0146\u0101m, jo v\u0113tru laik\u0101 gultn\u0113 veidojas smil\u0161u [&hellip;]<\/p>\n","protected":false},"author":1,"featured_media":0,"parent":0,"menu_order":15,"comment_status":"open","ping_status":"closed","template":"","meta":[],"_links":{"self":[{"href":"http:\/\/pavilostaport.lv\/index.php?rest_route=\/wp\/v2\/pages\/104"}],"collection":[{"href":"http:\/\/pavilostaport.lv\/index.php?rest_route=\/wp\/v2\/pages"}],"about":[{"href":"http:\/\/pavilostaport.lv\/index.php?rest_route=\/wp\/v2\/types\/page"}],"author":[{"embeddable":true,"href":"http:\/\/pavilostaport.lv\/index.php?rest_route=\/wp\/v2\/users\/1"}],"replies":[{"embeddable":true,"href":"http:\/\/pavilostaport.lv\/index.php?rest_route=%2Fwp%2Fv2%2Fcomments&post=104"}],"version-history":[{"count":77,"href":"http:\/\/pavilostaport.lv\/index.php?rest_route=\/wp\/v2\/pages\/104\/revisions"}],"predecessor-version":[{"id":1110,"href":"http:\/\/pavilostaport.lv\/index.php?rest_route=\/wp\/v2\/pages\/104\/revisions\/1110"}],"wp:attachment":[{"href":"http:\/\/pavilostaport.lv\/index.php?rest_route=%2Fwp%2Fv2%2Fmedia&parent=104"}],"curies":[{"name":"wp","href":"https:\/\/api.w.org\/{rel}","templated":true}]}}